{"id":962,"date":"2020-09-15T09:51:39","date_gmt":"2020-09-15T09:51:39","guid":{"rendered":"https:\/\/plaostechnology.com\/about\/"},"modified":"2024-02-16T19:32:36","modified_gmt":"2024-02-16T18:32:36","slug":"about","status":"publish","type":"page","link":"https:\/\/plaostechnology.com\/es\/about\/","title":{"rendered":"Acerca de"},"content":{"rendered":"<div class=\"wp-block-uagb-container uagb-block-d6924da0 alignfull uagb-is-root-container\"><div class=\"uagb-container-inner-blocks-wrap\">\n<div class=\"wp-block-uagb-advanced-heading uagb-block-efa76908\"><h1 class=\"uagb-heading-text\">Sobre nosotros<\/h1><\/div>\n<\/div><\/div>\n\n\n\n<div class=\"wp-block-uagb-container uagb-block-24299646 alignfull uagb-is-root-container\"><div class=\"uagb-container-inner-blocks-wrap\">\n<div class=\"wp-block-uagb-container uagb-block-1edb78d7\">\n<div class=\"wp-block-uagb-advanced-heading uagb-block-c2d759a8\"><h5 class=\"uagb-heading-text\">Expertise in safety<\/h5><p class=\"uagb-desc-text\">M\u00e1s de 40 a\u00f1os de experiencia en emergencias<\/p><\/div>\n<\/div>\n\n\n\n<div class=\"wp-block-uagb-container uagb-block-101702e1\">\n<div class=\"wp-block-uagb-advanced-heading uagb-block-f4c13802\"><h3 class=\"uagb-heading-text\">La seguridad est\u00e1 en nuestro ADN.<\/h3><\/div>\n\n\n\n<div class=\"wp-block-uagb-advanced-heading uagb-block-d9e306bf\"><p class=\"uagb-heading-text\">Plaos Technology naci\u00f3 en enero de 2023 de la mano de bomberos experimentados, con la misi\u00f3n de hacer un mundo m\u00e1s seguro, trabajando en prevenci\u00f3n, en nuevos productos para intervenciones y para ayudar a las personas a recuperar su vida normal despu\u00e9s del desastre.<\/p><\/div>\n\n\n\n<p class=\"has-medium-font-size\"><strong><a href=\"https:\/\/www.linkedin.com\/in\/ricardo-oscariz-ortabe-9210439a\/?originalSubdomain=es\">Ricardo Oscariz Ortabe &#8211; CEO<\/a><\/strong><\/p>\n\n\n\n<p>Aporta una amplia experiencia (m\u00e1s de 20 a\u00f1os) en emergencias aeron\u00e1uticas como Bombero y Jefe de Dotaci\u00f3n y tambi\u00e9n como Instructor\/Formador de personal de emergencias y empleados expuesto a riesgos. As\u00ed como Director Comercial en SRF.<\/p>\n\n\n\n<ul class=\"wp-block-list\">\n<li>Jefe de dotaci\u00f3n (bomberos AENA). T\u00e9cnico de emergencias y protecci\u00f3n civil.<\/li>\n\n\n\n<li>Formador de personal expuesto a riesgos y de emergencia.<\/li>\n\n\n\n<li>Director T\u00e9cnico y Comercial SRF (Seguridad y Rescate, Formaci\u00f3n SL)<\/li>\n<\/ul>\n\n\n\n<p class=\"has-medium-font-size\"><strong><a href=\"https:\/\/www.linkedin.com\/in\/carlos-plaza-aguilera-05982499\/?originalSubdomain=es\">Carlos Plaza Aguilera &#8211; CTO<\/a><\/strong><\/p>\n\n\n\n<div class=\"wp-block-uagb-advanced-heading uagb-block-7015021b\"><p class=\"uagb-heading-text\">Aporta un perfil t\u00e9cnico con amplia experiencia (m\u00e1s de 20 a\u00f1os) en distintas \u00e1reas t\u00e9cnicas alrededor de la ingenier\u00eda inform\u00e1tica e industrial. Especialmente en sistemas de simulaci\u00f3n automovil\u00edstica y aeron\u00e1utica. Cerrando el c\u00edrculo de competencias necesarias para el dise\u00f1o de productos inteligentes, desde su carcasa, hasta su electr\u00f3nica, software\/firmware y conectividad con servidores locales o en la nube.<\/p><\/div>\n\n\n\n<ul class=\"wp-block-list\">\n<li>Bombero (22 a\u00f1os; Ej\u00e9rcito del Aire, Aena, Consorcio de Emergencias de Gran Canaria, CEIS Guadalajara)<\/li>\n\n\n\n<li>Inform\u00e1tico Freelance<\/li>\n\n\n\n<li>Freelance en proyectos de ingenier\u00eda.<\/li>\n<\/ul>\n<\/div>\n<\/div><\/div>\n\n\n\n<div class=\"wp-block-uagb-container uagb-block-7ef128f6 alignfull uagb-is-root-container\"><div class=\"uagb-container-inner-blocks-wrap\">\n<div class=\"wp-block-uagb-container uagb-block-51e237af\">\n<div class=\"wp-block-uagb-container uagb-block-9bdd4907\">\n<div class=\"wp-block-uagb-advanced-heading uagb-block-82b3419d\"><h5 class=\"uagb-heading-text\">Amplia experiencia en cursos de capacitaci\u00f3n<\/h5><p class=\"uagb-desc-text\">Los n\u00fameros hablan por s\u00ed mismos<\/p><\/div>\n<\/div>\n\n\n\n<div class=\"wp-block-uagb-container uagb-block-422779ba\">\n<div class=\"wp-block-uagb-advanced-heading uagb-block-a691f8ba\"><h2 class=\"uagb-heading-text\">150<\/h2><p class=\"uagb-desc-text\">Clientes satisfechos<\/p><\/div>\n<\/div>\n\n\n\n<div class=\"wp-block-uagb-container uagb-block-642660cd\">\n<div class=\"wp-block-uagb-advanced-heading uagb-block-958f5152\"><h2 class=\"uagb-heading-text\">42<\/h2><p class=\"uagb-desc-text\">A\u00f1os de experiencia<\/p><\/div>\n<\/div>\n\n\n\n<div class=\"wp-block-uagb-container uagb-block-b4ed3e02\">\n<div class=\"wp-block-uagb-advanced-heading uagb-block-14b90e5b\"><h2 class=\"uagb-heading-text\">2356<\/h2><p class=\"uagb-desc-text\">Alumnos<\/p><\/div>\n<\/div>\n<\/div>\n\n\n\n<div class=\"wp-block-uagb-advanced-heading uagb-block-257db985\"><h3 class=\"uagb-heading-text\">Juntos desarrollamos proyectos para mejorar la seguridad del personal de emergencias y de la poblaci\u00f3n general.<\/h3><\/div>\n\n\n\n<div class=\"wp-block-uagb-container uagb-block-d55ae7ab\">\n<div class=\"wp-block-uagb-container uagb-block-343d9a71\">\n<div class=\"wp-block-uagb-advanced-heading uagb-block-eb87cc95\"><h4 class=\"uagb-heading-text\">Emergencias m\u00e1s seguras<\/h4><p class=\"uagb-desc-text\">Con el apoyo del Gobierno Vasco y la Diputaci\u00f3n de Guipuzcoa estamos desarrollando una ecosistema de productos inteligentes que hagan mucho m\u00e1s seguras las intervenciones de los bomberos, con especial enfoque en mejorar la visibilidad, la localizaci\u00f3n en interiores, el uso de alarmas ac\u00fasticas, datos de telemetr\u00eda (agua restante, distancias, alturas, temperaturas, biometr\u00eda...)<\/p><\/div>\n<\/div>\n\n\n\n<div class=\"wp-block-uagb-advanced-heading uagb-block-d59e3e0b\"><h4 class=\"uagb-heading-text\">Recorridos de evacuaci\u00f3n mejor se\u00f1alizados<\/h4><p class=\"uagb-desc-text\">Estamos presionando para mejorar la normativa de los sistemas de se\u00f1alizaci\u00f3n en los recorridos de evacuaci\u00f3n, con mucha mejor visibilidad, se\u00f1alizaci\u00f3n din\u00e1mica y el uso de m\u00faltiples sensores en cada salida de emergencia que comuniquen en tiempo real el estado real de cada salida de emergencia, y poder realizar un seguimiento y un control efectivo del flujo de gente, evitando tapones.<\/p><\/div>\n\n\n\n<div class=\"wp-block-uagb-container uagb-block-324d5a9d\">\n<div class=\"wp-block-uagb-advanced-heading uagb-block-f4869436\"><h4 class=\"uagb-heading-text\">Mejor calidad de vida<\/h4><p class=\"uagb-desc-text\">Carlos ha dise\u00f1ado un dispositivo de interfaz humana para que las personas con una sola mano puedan jugar a videojuegos. Tambi\u00e9n otras adaptaciones f\u00edsica para diferentes tipos de dolencias. Esa l\u00ednea de productos permite jugar, trabajar o disfrutar de cualquier tipo de interactividad a personas con alguna limitaci\u00f3n f\u00edsica.<\/p><\/div>\n<\/div>\n<\/div>\n<\/div><\/div>\n\n\n\n<div class=\"wp-block-uagb-container uagb-block-8fa6e76a alignfull uagb-is-root-container\"><div class=\"uagb-container-inner-blocks-wrap\">\n<div class=\"wp-block-uagb-container uagb-block-a31d1233\">\n<h3 class=\"wp-block-heading\">Para m\u00e1s informaci\u00f3n por favor contacte con nosotros.<\/h3>\n<\/div>\n\n\n\n<div class=\"wp-block-uagb-container uagb-block-5448a59e\">\n<div class=\"wp-block-uagb-buttons uagb-buttons__outer-wrap uagb-btn__default-btn uagb-btn-tablet__default-btn uagb-btn-mobile__default-btn uagb-block-944d2c28\"><div class=\"uagb-buttons__wrap uagb-buttons-layout-wrap\">\n<div class=\"wp-block-uagb-buttons-child uagb-buttons__outer-wrap uagb-block-2cd603a8 wp-block-button\"><div class=\"uagb-button__wrapper\"><a class=\"uagb-buttons-repeater wp-block-button__link\" href=\"#\" onclick=\"return false;\" rel=\"follow noopener\" target=\"_self\"><div class=\"uagb-button__link\">Saber m\u00e1s<\/div><\/a><\/div><\/div>\n<\/div><\/div>\n<\/div>\n<\/div><\/div>","protected":false},"excerpt":{"rendered":"<p>ABOUT US\u200b Expertise in safety More tha 40 years in firefighter experience A company with an ADN made of safety. Plaos Technology born in january of 2023 with two experienced firefighter founders, with the mision of making a safer world, working in prevention, in new products for interventions and in new products for helping people [&hellip;]<\/p>","protected":false},"author":1,"featured_media":0,"parent":0,"menu_order":0,"comment_status":"closed","ping_status":"closed","template":"","meta":{"_uag_custom_page_level_css":"","site-sidebar-layout":"no-sidebar","site-content-layout":"plain-container","ast-site-content-layout":"normal-width-container","site-content-style":"unboxed","site-sidebar-style":"unboxed","ast-global-header-display":"","ast-banner-title-visibility":"","ast-main-header-display":"","ast-hfb-above-header-display":"","ast-hfb-below-header-display":"","ast-hfb-mobile-header-display":"","site-post-title":"disabled","ast-breadcrumbs-content":"","ast-featured-img":"disabled","footer-sml-layout":"","theme-transparent-header-meta":"enabled","adv-header-id-meta":"","stick-header-meta":"","header-above-stick-meta":"","header-main-stick-meta":"","header-below-stick-meta":"","astra-migrate-meta-layouts":"set","ast-page-background-enabled":"default","ast-page-background-meta":{"desktop":{"background-color":"","background-image":"","background-repeat":"repeat","background-position":"center center","background-size":"auto","background-attachment":"scroll","background-type":"","background-media":"","overlay-type":"","overlay-color":"","overlay-gradient":""},"tablet":{"background-color":"","background-image":"","background-repeat":"repeat","background-position":"center center","background-size":"auto","background-attachment":"scroll","background-type":"","background-media":"","overlay-type":"","overlay-color":"","overlay-gradient":""},"mobile":{"background-color":"","background-image":"","background-repeat":"repeat","background-position":"center center","background-size":"auto","background-attachment":"scroll","background-type":"","background-media":"","overlay-type":"","overlay-color":"","overlay-gradient":""}},"ast-content-background-meta":{"desktop":{"background-color":"var(--ast-global-color-5)","background-image":"","background-repeat":"repeat","background-position":"center center","background-size":"auto","background-attachment":"scroll","background-type":"","background-media":"","overlay-type":"","overlay-color":"","overlay-gradient":""},"tablet":{"background-color":"var(--ast-global-color-5)","background-image":"","background-repeat":"repeat","background-position":"center center","background-size":"auto","background-attachment":"scroll","background-type":"","background-media":"","overlay-type":"","overlay-color":"","overlay-gradient":""},"mobile":{"background-color":"var(--ast-global-color-5)","background-image":"","background-repeat":"repeat","background-position":"center center","background-size":"auto","background-attachment":"scroll","background-type":"","background-media":"","overlay-type":"","overlay-color":"","overlay-gradient":""}},"footnotes":""},"class_list":["post-962","page","type-page","status-publish","hentry"],"yoast_head":"<!-- This site is optimized with the Yoast SEO plugin v22.0 - https:\/\/yoast.com\/wordpress\/plugins\/seo\/ -->\n<title>About - Plaos Technology<\/title>\n<meta name=\"robots\" content=\"index, follow, max-snippet:-1, max-image-preview:large, max-video-preview:-1\" \/>\n<link rel=\"canonical\" href=\"https:\/\/plaostechnology.com\/es\/about\/\" \/>\n<meta property=\"og:locale\" content=\"es_ES\" \/>\n<meta property=\"og:type\" content=\"article\" \/>\n<meta property=\"og:title\" content=\"About - Plaos Technology\" \/>\n<meta property=\"og:description\" content=\"ABOUT US\u200b Expertise in safety More tha 40 years in firefighter experience A company with an ADN made of safety. Plaos Technology born in january of 2023 with two experienced firefighter founders, with the mision of making a safer world, working in prevention, in new products for interventions and in new products for helping people [&hellip;]\" \/>\n<meta property=\"og:url\" content=\"https:\/\/plaostechnology.com\/es\/about\/\" \/>\n<meta property=\"og:site_name\" content=\"Plaos Technology\" \/>\n<meta property=\"article:modified_time\" content=\"2024-02-16T18:32:36+00:00\" \/>\n<meta name=\"twitter:card\" content=\"summary_large_image\" \/>\n<meta name=\"twitter:label1\" content=\"Tiempo de lectura\" \/>\n\t<meta name=\"twitter:data1\" content=\"2 minutos\" \/>\n<script type=\"application\/ld+json\" class=\"yoast-schema-graph\">{\"@context\":\"https:\/\/schema.org\",\"@graph\":[{\"@type\":\"WebPage\",\"@id\":\"https:\/\/plaostechnology.com\/about\/\",\"url\":\"https:\/\/plaostechnology.com\/about\/\",\"name\":\"About - Plaos Technology\",\"isPartOf\":{\"@id\":\"https:\/\/plaostechnology.com\/#website\"},\"datePublished\":\"2020-09-15T09:51:39+00:00\",\"dateModified\":\"2024-02-16T18:32:36+00:00\",\"breadcrumb\":{\"@id\":\"https:\/\/plaostechnology.com\/about\/#breadcrumb\"},\"inLanguage\":\"es\",\"potentialAction\":[{\"@type\":\"ReadAction\",\"target\":[\"https:\/\/plaostechnology.com\/about\/\"]}]},{\"@type\":\"BreadcrumbList\",\"@id\":\"https:\/\/plaostechnology.com\/about\/#breadcrumb\",\"itemListElement\":[{\"@type\":\"ListItem\",\"position\":1,\"name\":\"Portada\",\"item\":\"https:\/\/plaostechnology.com\/\"},{\"@type\":\"ListItem\",\"position\":2,\"name\":\"About\"}]},{\"@type\":\"WebSite\",\"@id\":\"https:\/\/plaostechnology.com\/#website\",\"url\":\"https:\/\/plaostechnology.com\/\",\"name\":\"Plaos Technology\",\"description\":\"Engineering for safety\",\"publisher\":{\"@id\":\"https:\/\/plaostechnology.com\/#organization\"},\"potentialAction\":[{\"@type\":\"SearchAction\",\"target\":{\"@type\":\"EntryPoint\",\"urlTemplate\":\"https:\/\/plaostechnology.com\/?s={search_term_string}\"},\"query-input\":\"required name=search_term_string\"}],\"inLanguage\":\"es\"},{\"@type\":\"Organization\",\"@id\":\"https:\/\/plaostechnology.com\/#organization\",\"name\":\"Plaos Technology\",\"url\":\"https:\/\/plaostechnology.com\/\",\"logo\":{\"@type\":\"ImageObject\",\"inLanguage\":\"es\",\"@id\":\"https:\/\/plaostechnology.com\/#\/schema\/logo\/image\/\",\"url\":\"https:\/\/plaostechnology.com\/wp-content\/uploads\/2024\/02\/Plaos_LOGO_Rectangular_180x60.png\",\"contentUrl\":\"https:\/\/plaostechnology.com\/wp-content\/uploads\/2024\/02\/Plaos_LOGO_Rectangular_180x60.png\",\"width\":180,\"height\":60,\"caption\":\"Plaos Technology\"},\"image\":{\"@id\":\"https:\/\/plaostechnology.com\/#\/schema\/logo\/image\/\"}}]}<\/script>\n<!-- \/ Yoast SEO plugin. -->","yoast_head_json":{"title":"About - Plaos Technology","robots":{"index":"index","follow":"follow","max-snippet":"max-snippet:-1","max-image-preview":"max-image-preview:large","max-video-preview":"max-video-preview:-1"},"canonical":"https:\/\/plaostechnology.com\/es\/about\/","og_locale":"es_ES","og_type":"article","og_title":"About - Plaos Technology","og_description":"ABOUT US\u200b Expertise in safety More tha 40 years in firefighter experience A company with an ADN made of safety. Plaos Technology born in january of 2023 with two experienced firefighter founders, with the mision of making a safer world, working in prevention, in new products for interventions and in new products for helping people [&hellip;]","og_url":"https:\/\/plaostechnology.com\/es\/about\/","og_site_name":"Plaos Technology","article_modified_time":"2024-02-16T18:32:36+00:00","twitter_card":"summary_large_image","twitter_misc":{"Tiempo de lectura":"2 minutos"},"schema":{"@context":"https:\/\/schema.org","@graph":[{"@type":"WebPage","@id":"https:\/\/plaostechnology.com\/about\/","url":"https:\/\/plaostechnology.com\/about\/","name":"About - Plaos Technology","isPartOf":{"@id":"https:\/\/plaostechnology.com\/#website"},"datePublished":"2020-09-15T09:51:39+00:00","dateModified":"2024-02-16T18:32:36+00:00","breadcrumb":{"@id":"https:\/\/plaostechnology.com\/about\/#breadcrumb"},"inLanguage":"es","potentialAction":[{"@type":"ReadAction","target":["https:\/\/plaostechnology.com\/about\/"]}]},{"@type":"BreadcrumbList","@id":"https:\/\/plaostechnology.com\/about\/#breadcrumb","itemListElement":[{"@type":"ListItem","position":1,"name":"Portada","item":"https:\/\/plaostechnology.com\/"},{"@type":"ListItem","position":2,"name":"About"}]},{"@type":"WebSite","@id":"https:\/\/plaostechnology.com\/#website","url":"https:\/\/plaostechnology.com\/","name":"Plaos Technology","description":"Engineering for safety","publisher":{"@id":"https:\/\/plaostechnology.com\/#organization"},"potentialAction":[{"@type":"SearchAction","target":{"@type":"EntryPoint","urlTemplate":"https:\/\/plaostechnology.com\/?s={search_term_string}"},"query-input":"required name=search_term_string"}],"inLanguage":"es"},{"@type":"Organization","@id":"https:\/\/plaostechnology.com\/#organization","name":"Plaos Technology","url":"https:\/\/plaostechnology.com\/","logo":{"@type":"ImageObject","inLanguage":"es","@id":"https:\/\/plaostechnology.com\/#\/schema\/logo\/image\/","url":"https:\/\/plaostechnology.com\/wp-content\/uploads\/2024\/02\/Plaos_LOGO_Rectangular_180x60.png","contentUrl":"https:\/\/plaostechnology.com\/wp-content\/uploads\/2024\/02\/Plaos_LOGO_Rectangular_180x60.png","width":180,"height":60,"caption":"Plaos Technology"},"image":{"@id":"https:\/\/plaostechnology.com\/#\/schema\/logo\/image\/"}}]}},"uagb_featured_image_src":{"full":false,"thumbnail":false,"medium":false,"medium_large":false,"large":false,"1536x1536":false,"2048x2048":false,"trp-custom-language-flag":false},"uagb_author_info":{"display_name":"webmaster","author_link":"https:\/\/plaostechnology.com\/es\/author\/webmaster\/"},"uagb_comment_info":0,"uagb_excerpt":"ABOUT US\u200b Expertise in safety More tha 40 years in firefighter experience A company with an ADN made of safety. Plaos Technology born in january of 2023 with two experienced firefighter founders, with the mision of making a safer world, working in prevention, in new products for interventions and in new products for helping people&hellip;","_links":{"self":[{"href":"https:\/\/plaostechnology.com\/es\/wp-json\/wp\/v2\/pages\/962","targetHints":{"allow":["GET"]}}],"collection":[{"href":"https:\/\/plaostechnology.com\/es\/wp-json\/wp\/v2\/pages"}],"about":[{"href":"https:\/\/plaostechnology.com\/es\/wp-json\/wp\/v2\/types\/page"}],"author":[{"embeddable":true,"href":"https:\/\/plaostechnology.com\/es\/wp-json\/wp\/v2\/users\/1"}],"replies":[{"embeddable":true,"href":"https:\/\/plaostechnology.com\/es\/wp-json\/wp\/v2\/comments?post=962"}],"version-history":[{"count":11,"href":"https:\/\/plaostechnology.com\/es\/wp-json\/wp\/v2\/pages\/962\/revisions"}],"predecessor-version":[{"id":1742,"href":"https:\/\/plaostechnology.com\/es\/wp-json\/wp\/v2\/pages\/962\/revisions\/1742"}],"wp:attachment":[{"href":"https:\/\/plaostechnology.com\/es\/wp-json\/wp\/v2\/media?parent=962"}],"curies":[{"name":"wp","href":"https:\/\/api.w.org\/{rel}","templated":true}]}}