{"id":1756,"date":"2026-05-12T04:04:09","date_gmt":"2026-05-12T02:04:09","guid":{"rendered":"https:\/\/plaostechnology.com\/?page_id=1756"},"modified":"2026-05-12T05:03:46","modified_gmt":"2026-05-12T03:03:46","slug":"quality-policy","status":"publish","type":"page","link":"https:\/\/plaostechnology.com\/es\/quality-policy\/","title":{"rendered":"Pol\u00edtica de calidad"},"content":{"rendered":"<h2 class=\"wp-block-heading\"><\/h2>\n\n\n\n<p class=\" translation-block\">Plaos Technology SL, en su actividad de Dise\u00f1o, producci\u00f3n, comercializaci\u00f3n y servicio t\u00e9cnico de dispositivos electr\u00f3nicos, tenemos decidido el compromiso de orientar todos nuestros esfuerzos a satisfacer las necesidades de nuestras partes interesadas, siendo la Calidad de nuestros servicios la m\u00e1xima prioridad, con el fin de obtener una mejora continua en nuestra organizaci\u00f3n. Para ello, hemos implantado y mantenemos un sistema de Gesti\u00f3n de la Calidad basado en los requisitos de la norma ISO 9001 y que adopta los siguientes compromisos de calidad.<\/p>\n\n\n\n<p class=\" translation-block\">Para ello, hemos implantado y mantenemos un sistema de Gesti\u00f3n de la Calidad basado en los requisitos de la norma ISO 9001 y que adopta los siguientes compromisos de calidad:<\/p>\n\n\n\n<h2 class=\"wp-block-heading\"><\/h2>\n\n\n\n<div class=\"wp-block-uagb-container uagb-block-7b7b0291 alignfull uagb-is-root-container\"><div class=\"uagb-container-inner-blocks-wrap\">\n<p class=\"has-text-align-center translation-block\">- Mantener eficazmente un Sistema de Gesti\u00f3n de la Calidad y promover su mejora continua.<\/p>\n\n\n\n<p class=\"has-text-align-center translation-block\">- Cumplir con todos los requisitos de nuestras partes interesadas y aquellos que nos sean aplicables para consolidar su confianza en nuestra organizaci\u00f3n.<\/p>\n\n\n\n<p class=\"has-text-align-center translation-block\">- Garantizar el correcto estado de las instalaciones y el equipamiento adecuado de forma tal que est\u00e9n en correspondencia con la actividad, objetivos y metas de la empresa.<\/p>\n\n\n\n<p class=\"has-text-align-center\">- Compromiso con el cliente para que disponga de las soluciones necesarias y adecuadas a sus circunstancias, manteniendo el v\u00ednculo en el tiempo y fomentando la confianza en la Calidad y Excelencia de nuestro trabajo.<\/p>\n<\/div><\/div>\n\n\n\n<p><\/p>\n\n\n\n<p>Estos principios son asumidos por La Direcci\u00f3n quien dispone los medios necesarios y dota a sus empleados de los recursos suficientes para su cumplimiento, plasm\u00e1ndolos y poni\u00e9ndolos en p\u00fablico conocimiento a trav\u00e9s de la presente Pol\u00edtica de Calidad.<\/p>\n\n\n\n<p><\/p>\n\n\n\n<p><strong>Gipuzkoa a 12 de mayo de 2026<\/strong><\/p>\n\n\n\n<p>Rev 1.1<\/p>\n\n\n\n<p><\/p>","protected":false},"excerpt":{"rendered":"<p>At Plaos Technology SL, within our core business of design, production, marketing, and technical support for electronic devices, we are fully committed to directing all our efforts toward meeting the needs of our stakeholders. The quality of our services is our highest priority, driving the continual improvement of our entire organisation. To achieve this, we [&hellip;]<\/p>","protected":false},"author":1,"featured_media":0,"parent":0,"menu_order":0,"comment_status":"closed","ping_status":"closed","template":"","meta":{"_uag_custom_page_level_css":"","site-sidebar-layout":"default","site-content-layout":"","ast-site-content-layout":"default","site-content-style":"default","site-sidebar-style":"default","ast-global-header-display":"","ast-banner-title-visibility":"","ast-main-header-display":"","ast-hfb-above-header-display":"","ast-hfb-below-header-display":"","ast-hfb-mobile-header-display":"","site-post-title":"","ast-breadcrumbs-content":"","ast-featured-img":"","footer-sml-layout":"","theme-transparent-header-meta":"","adv-header-id-meta":"","stick-header-meta":"","header-above-stick-meta":"","header-main-stick-meta":"","header-below-stick-meta":"","astra-migrate-meta-layouts":"set","ast-page-background-enabled":"default","ast-page-background-meta":{"desktop":{"background-color":"","background-image":"","background-repeat":"repeat","background-position":"center center","background-size":"auto","background-attachment":"scroll","background-type":"","background-media":"","overlay-type":"","overlay-color":"","overlay-gradient":""},"tablet":{"background-color":"","background-image":"","background-repeat":"repeat","background-position":"center center","background-size":"auto","background-attachment":"scroll","background-type":"","background-media":"","overlay-type":"","overlay-color":"","overlay-gradient":""},"mobile":{"background-color":"","background-image":"","background-repeat":"repeat","background-position":"center center","background-size":"auto","background-attachment":"scroll","background-type":"","background-media":"","overlay-type":"","overlay-color":"","overlay-gradient":""}},"ast-content-background-meta":{"desktop":{"background-color":"var(--ast-global-color-5)","background-image":"","background-repeat":"repeat","background-position":"center center","background-size":"auto","background-attachment":"scroll","background-type":"","background-media":"","overlay-type":"","overlay-color":"","overlay-gradient":""},"tablet":{"background-color":"var(--ast-global-color-5)","background-image":"","background-repeat":"repeat","background-position":"center center","background-size":"auto","background-attachment":"scroll","background-type":"","background-media":"","overlay-type":"","overlay-color":"","overlay-gradient":""},"mobile":{"background-color":"var(--ast-global-color-5)","background-image":"","background-repeat":"repeat","background-position":"center center","background-size":"auto","background-attachment":"scroll","background-type":"","background-media":"","overlay-type":"","overlay-color":"","overlay-gradient":""}},"footnotes":""},"class_list":["post-1756","page","type-page","status-publish","hentry"],"yoast_head":"<!-- This site is optimized with the Yoast SEO plugin v22.0 - https:\/\/yoast.com\/wordpress\/plugins\/seo\/ -->\n<title>Quality Policy - Plaos Technology<\/title>\n<meta name=\"robots\" content=\"index, follow, max-snippet:-1, max-image-preview:large, max-video-preview:-1\" \/>\n<link rel=\"canonical\" href=\"https:\/\/plaostechnology.com\/es\/quality-policy\/\" \/>\n<meta property=\"og:locale\" content=\"es_ES\" \/>\n<meta property=\"og:type\" content=\"article\" \/>\n<meta property=\"og:title\" content=\"Quality Policy - Plaos Technology\" \/>\n<meta property=\"og:description\" content=\"At Plaos Technology SL, within our core business of design, production, marketing, and technical support for electronic devices, we are fully committed to directing all our efforts toward meeting the needs of our stakeholders. The quality of our services is our highest priority, driving the continual improvement of our entire organisation. To achieve this, we [&hellip;]\" \/>\n<meta property=\"og:url\" content=\"https:\/\/plaostechnology.com\/es\/quality-policy\/\" \/>\n<meta property=\"og:site_name\" content=\"Plaos Technology\" \/>\n<meta property=\"article:modified_time\" content=\"2026-05-12T03:03:46+00:00\" \/>\n<meta name=\"twitter:card\" content=\"summary_large_image\" \/>\n<meta name=\"twitter:label1\" content=\"Tiempo de lectura\" \/>\n\t<meta name=\"twitter:data1\" content=\"1 minuto\" \/>\n<script type=\"application\/ld+json\" class=\"yoast-schema-graph\">{\"@context\":\"https:\/\/schema.org\",\"@graph\":[{\"@type\":\"WebPage\",\"@id\":\"https:\/\/plaostechnology.com\/quality-policy\/\",\"url\":\"https:\/\/plaostechnology.com\/quality-policy\/\",\"name\":\"Quality Policy - Plaos Technology\",\"isPartOf\":{\"@id\":\"https:\/\/plaostechnology.com\/#website\"},\"datePublished\":\"2026-05-12T02:04:09+00:00\",\"dateModified\":\"2026-05-12T03:03:46+00:00\",\"breadcrumb\":{\"@id\":\"https:\/\/plaostechnology.com\/quality-policy\/#breadcrumb\"},\"inLanguage\":\"es\",\"potentialAction\":[{\"@type\":\"ReadAction\",\"target\":[\"https:\/\/plaostechnology.com\/quality-policy\/\"]}]},{\"@type\":\"BreadcrumbList\",\"@id\":\"https:\/\/plaostechnology.com\/quality-policy\/#breadcrumb\",\"itemListElement\":[{\"@type\":\"ListItem\",\"position\":1,\"name\":\"Portada\",\"item\":\"https:\/\/plaostechnology.com\/\"},{\"@type\":\"ListItem\",\"position\":2,\"name\":\"Quality Policy\"}]},{\"@type\":\"WebSite\",\"@id\":\"https:\/\/plaostechnology.com\/#website\",\"url\":\"https:\/\/plaostechnology.com\/\",\"name\":\"Plaos Technology\",\"description\":\"Engineering for safety\",\"publisher\":{\"@id\":\"https:\/\/plaostechnology.com\/#organization\"},\"potentialAction\":[{\"@type\":\"SearchAction\",\"target\":{\"@type\":\"EntryPoint\",\"urlTemplate\":\"https:\/\/plaostechnology.com\/?s={search_term_string}\"},\"query-input\":\"required name=search_term_string\"}],\"inLanguage\":\"es\"},{\"@type\":\"Organization\",\"@id\":\"https:\/\/plaostechnology.com\/#organization\",\"name\":\"Plaos Technology\",\"url\":\"https:\/\/plaostechnology.com\/\",\"logo\":{\"@type\":\"ImageObject\",\"inLanguage\":\"es\",\"@id\":\"https:\/\/plaostechnology.com\/#\/schema\/logo\/image\/\",\"url\":\"https:\/\/plaostechnology.com\/wp-content\/uploads\/2024\/02\/Plaos_LOGO_Rectangular_180x60.png\",\"contentUrl\":\"https:\/\/plaostechnology.com\/wp-content\/uploads\/2024\/02\/Plaos_LOGO_Rectangular_180x60.png\",\"width\":180,\"height\":60,\"caption\":\"Plaos Technology\"},\"image\":{\"@id\":\"https:\/\/plaostechnology.com\/#\/schema\/logo\/image\/\"}}]}<\/script>\n<!-- \/ Yoast SEO plugin. -->","yoast_head_json":{"title":"Quality Policy - Plaos Technology","robots":{"index":"index","follow":"follow","max-snippet":"max-snippet:-1","max-image-preview":"max-image-preview:large","max-video-preview":"max-video-preview:-1"},"canonical":"https:\/\/plaostechnology.com\/es\/quality-policy\/","og_locale":"es_ES","og_type":"article","og_title":"Quality Policy - Plaos Technology","og_description":"At Plaos Technology SL, within our core business of design, production, marketing, and technical support for electronic devices, we are fully committed to directing all our efforts toward meeting the needs of our stakeholders. The quality of our services is our highest priority, driving the continual improvement of our entire organisation. To achieve this, we [&hellip;]","og_url":"https:\/\/plaostechnology.com\/es\/quality-policy\/","og_site_name":"Plaos Technology","article_modified_time":"2026-05-12T03:03:46+00:00","twitter_card":"summary_large_image","twitter_misc":{"Tiempo de lectura":"1 minuto"},"schema":{"@context":"https:\/\/schema.org","@graph":[{"@type":"WebPage","@id":"https:\/\/plaostechnology.com\/quality-policy\/","url":"https:\/\/plaostechnology.com\/quality-policy\/","name":"Quality Policy - Plaos Technology","isPartOf":{"@id":"https:\/\/plaostechnology.com\/#website"},"datePublished":"2026-05-12T02:04:09+00:00","dateModified":"2026-05-12T03:03:46+00:00","breadcrumb":{"@id":"https:\/\/plaostechnology.com\/quality-policy\/#breadcrumb"},"inLanguage":"es","potentialAction":[{"@type":"ReadAction","target":["https:\/\/plaostechnology.com\/quality-policy\/"]}]},{"@type":"BreadcrumbList","@id":"https:\/\/plaostechnology.com\/quality-policy\/#breadcrumb","itemListElement":[{"@type":"ListItem","position":1,"name":"Portada","item":"https:\/\/plaostechnology.com\/"},{"@type":"ListItem","position":2,"name":"Quality Policy"}]},{"@type":"WebSite","@id":"https:\/\/plaostechnology.com\/#website","url":"https:\/\/plaostechnology.com\/","name":"Plaos Technology","description":"Engineering for safety","publisher":{"@id":"https:\/\/plaostechnology.com\/#organization"},"potentialAction":[{"@type":"SearchAction","target":{"@type":"EntryPoint","urlTemplate":"https:\/\/plaostechnology.com\/?s={search_term_string}"},"query-input":"required name=search_term_string"}],"inLanguage":"es"},{"@type":"Organization","@id":"https:\/\/plaostechnology.com\/#organization","name":"Plaos Technology","url":"https:\/\/plaostechnology.com\/","logo":{"@type":"ImageObject","inLanguage":"es","@id":"https:\/\/plaostechnology.com\/#\/schema\/logo\/image\/","url":"https:\/\/plaostechnology.com\/wp-content\/uploads\/2024\/02\/Plaos_LOGO_Rectangular_180x60.png","contentUrl":"https:\/\/plaostechnology.com\/wp-content\/uploads\/2024\/02\/Plaos_LOGO_Rectangular_180x60.png","width":180,"height":60,"caption":"Plaos Technology"},"image":{"@id":"https:\/\/plaostechnology.com\/#\/schema\/logo\/image\/"}}]}},"uagb_featured_image_src":{"full":false,"thumbnail":false,"medium":false,"medium_large":false,"large":false,"1536x1536":false,"2048x2048":false,"trp-custom-language-flag":false},"uagb_author_info":{"display_name":"webmaster","author_link":"https:\/\/plaostechnology.com\/es\/author\/webmaster\/"},"uagb_comment_info":0,"uagb_excerpt":"At Plaos Technology SL, within our core business of design, production, marketing, and technical support for electronic devices, we are fully committed to directing all our efforts toward meeting the needs of our stakeholders. The quality of our services is our highest priority, driving the continual improvement of our entire organisation. To achieve this, we&hellip;","_links":{"self":[{"href":"https:\/\/plaostechnology.com\/es\/wp-json\/wp\/v2\/pages\/1756","targetHints":{"allow":["GET"]}}],"collection":[{"href":"https:\/\/plaostechnology.com\/es\/wp-json\/wp\/v2\/pages"}],"about":[{"href":"https:\/\/plaostechnology.com\/es\/wp-json\/wp\/v2\/types\/page"}],"author":[{"embeddable":true,"href":"https:\/\/plaostechnology.com\/es\/wp-json\/wp\/v2\/users\/1"}],"replies":[{"embeddable":true,"href":"https:\/\/plaostechnology.com\/es\/wp-json\/wp\/v2\/comments?post=1756"}],"version-history":[{"count":6,"href":"https:\/\/plaostechnology.com\/es\/wp-json\/wp\/v2\/pages\/1756\/revisions"}],"predecessor-version":[{"id":1767,"href":"https:\/\/plaostechnology.com\/es\/wp-json\/wp\/v2\/pages\/1756\/revisions\/1767"}],"wp:attachment":[{"href":"https:\/\/plaostechnology.com\/es\/wp-json\/wp\/v2\/media?parent=1756"}],"curies":[{"name":"wp","href":"https:\/\/api.w.org\/{rel}","templated":true}]}}